{"id":2096,"date":"2022-07-07T03:09:20","date_gmt":"2022-07-07T03:09:20","guid":{"rendered":"https:\/\/eriktailor.hu\/demos\/flatbook\/demo-1\/?post_type=product&#038;p=2096"},"modified":"2024-12-10T11:28:48","modified_gmt":"2024-12-10T11:28:48","slug":"de-la-plastic-la-perle","status":"publish","type":"product","link":"https:\/\/cristiana.sammyilie.ro\/?product=de-la-plastic-la-perle","title":{"rendered":"De la Plastic l\u2026"},"content":{"rendered":"<p>\u201eDe la plastic la perle\u201d este o carte inspira\u021bional\u0103 despre cum pasiunea poate deveni un business de succes. Povestea unei adolescente care a transformat bijuteriile handmade dintr-un hobby \u00eentr-o afacere ofer\u0103 lec\u021bii valoroase despre creativitate, perseveren\u021b\u0103 \u0219i g\u0103sirea echilibrului \u00eentre via\u021ba personal\u0103 \u0219i profesional\u0103. O lectur\u0103 perfect\u0103 pentru cei care \u00ee\u0219i doresc s\u0103-\u0219i urmeze visurile!<\/p>\n","protected":false},"excerpt":{"rendered":"<p>\u201eDe la plastic la perle\u201d este o carte inspira\u021bional\u0103 despre cum pasiunea poate deveni un business de succes. Povestea unei adolescente care a transformat bijuteriile handmade dintr-un hobby \u00eentr-o afacere ofer\u0103 lec\u021bii valoroase despre creativitate, perseveren\u021b\u0103 \u0219i g\u0103sirea echilibrului \u00eentre<\/p>\n<p><a class=\"read-more\" href=\"https:\/\/cristiana.sammyilie.ro\/?product=de-la-plastic-la-perle\">Continue reading &#8230;<\/a><\/p>\n","protected":false},"featured_media":2086,"comment_status":"open","ping_status":"closed","template":"","meta":[],"product_cat":[38],"product_tag":[58],"class_list":{"0":"post-2096","1":"product","2":"type-product","3":"status-publish","4":"has-post-thumbnail","6":"product_cat-comedy","7":"product_tag-carte","9":"first","10":"instock","11":"shipping-taxable","12":"purchasable","13":"product-type-simple"},"acf":[],"jetpack_sharing_enabled":true,"_links":{"self":[{"href":"https:\/\/cristiana.sammyilie.ro\/index.php?rest_route=\/wp\/v2\/product\/2096","targetHints":{"allow":["GET"]}}],"collection":[{"href":"https:\/\/cristiana.sammyilie.ro\/index.php?rest_route=\/wp\/v2\/product"}],"about":[{"href":"https:\/\/cristiana.sammyilie.ro\/index.php?rest_route=\/wp\/v2\/types\/product"}],"replies":[{"embeddable":true,"href":"https:\/\/cristiana.sammyilie.ro\/index.php?rest_route=%2Fwp%2Fv2%2Fcomments&post=2096"}],"wp:featuredmedia":[{"embeddable":true,"href":"https:\/\/cristiana.sammyilie.ro\/index.php?rest_route=\/"}],"wp:attachment":[{"href":"https:\/\/cristiana.sammyilie.ro\/index.php?rest_route=%2Fwp%2Fv2%2Fmedia&parent=2096"}],"wp:term":[{"taxonomy":"product_cat","embeddable":true,"href":"https:\/\/cristiana.sammyilie.ro\/index.php?rest_route=%2Fwp%2Fv2%2Fproduct_cat&post=2096"},{"taxonomy":"product_tag","embeddable":true,"href":"https:\/\/cristiana.sammyilie.ro\/index.php?rest_route=%2Fwp%2Fv2%2Fproduct_tag&post=2096"}],"curies":[{"name":"wp","href":"https:\/\/api.w.org\/{rel}","templated":true}]}}